{"id":12,"date":"2025-02-14T20:23:38","date_gmt":"2025-02-14T19:23:38","guid":{"rendered":"http:\/\/localhost\/autonomieentwurf\/?page_id=10"},"modified":"2025-02-16T18:35:57","modified_gmt":"2025-02-16T18:35:57","slug":"verein","status":"publish","type":"page","link":"https:\/\/autonomieentwurf.de\/?page_id=12","title":{"rendered":"VSFA"},"content":{"rendered":"\n<p>Autonomie hei\u00dft Selbstbestimmung: Selbstbestimmung des Individuums und Selbstbestimmung der Gesellschaft. Der Entwurf einer individuellen und kollektiven Autonomie ist im Werk des Philosophen, politischen Denkers, Gesellschaftskritikers, Psychoanalytikers und \u00d6konomen Cornelius Castoriadis in besonderer Weise lebendig.<\/p>\n\n\n\n<p>Der Verein f\u00fcr das Studium und die F\u00f6rderung der Autonomie hat das Ziel, Rezeption und Diskussion des Werkes von Cornelius Castoriadis im deutschsprachigen Raum zu f\u00f6rdern und sich an der Aktualisierung und Verwirklichung des Autonomieentwurfs theoretisch wie praktisch zu beteiligen. Zu diesem Zweck unterst\u00fctzen wir Veranstaltungen und Forschungsaktivit\u00e4ten aller Art, die dem Verst\u00e4ndnis, der Weiterentwicklung und der Realisierung des Autonomieentwurfs dienen und sich dem Werk von Castoriadis widmen. Ein Archiv mit Literatur und Materialien von und \u00fcber Castoriadis und \u00bbSocialisme ou Barbarie\u00ab steht f\u00fcr Informations- und Forschungszwecke zur Verf\u00fcgung.<\/p>\n\n\n\n<p>Hier geht es zur <a href=\"https:\/\/autonomieentwurf.de\/wp-content\/uploads\/2025\/02\/VSFA-Satzung.pdf\">Vereinssatzung<\/a> sowie zur <a href=\"https:\/\/autonomieentwurf.de\/wp-content\/uploads\/2025\/02\/Beitrittserklaerung.pdf\">Beitrittserkl\u00e4rung<\/a>. Interessierte nehmen bitte <a href=\"https:\/\/autonomieentwurf.de\/?page_id=14\" data-type=\"page\" data-id=\"14\">Kontakt<\/a> mit uns auf.<\/p>\n","protected":false},"excerpt":{"rendered":"<p>Autonomie hei\u00dft Selbstbestimmung: Selbstbestimmung des Individuums und Selbstbestimmung der Gesellschaft. Der Entwurf einer individuellen und kollektiven Autonomie ist im Werk des Philosophen, politischen Denkers, Gesellschaftskritikers, Psychoanalytikers und \u00d6konomen Cornelius Castoriadis in besonderer Weise lebendig. Der Verein f\u00fcr das Studium und die F\u00f6rderung der Autonomie hat das Ziel, Rezeption und Diskussion des Werkes von Cornelius Castoriadis [&hellip;]<\/p>\n","protected":false},"author":1,"featured_media":0,"parent":0,"menu_order":0,"comment_status":"closed","ping_status":"closed","template":"","meta":{"footnotes":""},"class_list":["post-12","page","type-page","status-publish","hentry"],"_links":{"self":[{"href":"https:\/\/autonomieentwurf.de\/index.php?rest_route=\/wp\/v2\/pages\/12","targetHints":{"allow":["GET"]}}],"collection":[{"href":"https:\/\/autonomieentwurf.de\/index.php?rest_route=\/wp\/v2\/pages"}],"about":[{"href":"https:\/\/autonomieentwurf.de\/index.php?rest_route=\/wp\/v2\/types\/page"}],"author":[{"embeddable":true,"href":"https:\/\/autonomieentwurf.de\/index.php?rest_route=\/wp\/v2\/users\/1"}],"replies":[{"embeddable":true,"href":"https:\/\/autonomieentwurf.de\/index.php?rest_route=%2Fwp%2Fv2%2Fcomments&post=12"}],"version-history":[{"count":8,"href":"https:\/\/autonomieentwurf.de\/index.php?rest_route=\/wp\/v2\/pages\/12\/revisions"}],"predecessor-version":[{"id":49,"href":"https:\/\/autonomieentwurf.de\/index.php?rest_route=\/wp\/v2\/pages\/12\/revisions\/49"}],"wp:attachment":[{"href":"https:\/\/autonomieentwurf.de\/index.php?rest_route=%2Fwp%2Fv2%2Fmedia&parent=12"}],"curies":[{"name":"wp","href":"https:\/\/api.w.org\/{rel}","templated":true}]}}